{"id":7,"date":"2017-07-22T14:16:06","date_gmt":"2017-07-22T14:16:06","guid":{"rendered":"http:\/\/team-dohler.de\/?page_id=7"},"modified":"2017-07-22T15:26:42","modified_gmt":"2017-07-22T15:26:42","slug":"wir-ueber-uns","status":"publish","type":"page","link":"https:\/\/team-dohler.de\/?page_id=7","title":{"rendered":"Wir \u00fcber uns"},"content":{"rendered":"<p>Ich biete \u00fcber 20 Jahre Erfahrung international und national an der Kundenfront. Ich wei\u00df welche Ma\u00dfnahmen auch Ihren Vertrieb nach vorne bringen.<\/p>\n<p>Meine St\u00e4rke ist das Vor- und Mitmachen<\/p>\n<p>&nbsp;<\/p>\n","protected":false},"excerpt":{"rendered":"<p>Ich biete \u00fcber 20 Jahre Erfahrung international und national an der Kundenfront. Ich wei\u00df welche Ma\u00dfnahmen auch Ihren Vertrieb nach vorne bringen. Meine St\u00e4rke ist das Vor- und Mitmachen &nbsp;<\/p>\n","protected":false},"author":1,"featured_media":0,"parent":0,"menu_order":0,"comment_status":"closed","ping_status":"closed","template":"","meta":[],"yoast_head":"<!-- This site is optimized with the Yoast SEO plugin v15.5 - https:\/\/yoast.com\/wordpress\/plugins\/seo\/ -->\n<title>Wir \u00fcber uns - team-dohler<\/title>\n<meta name=\"robots\" content=\"index, follow, max-snippet:-1, max-image-preview:large, max-video-preview:-1\" \/>\n<link rel=\"canonical\" href=\"http:\/\/team-dohler.de\/?page_id=7\" \/>\n<meta property=\"og:locale\" content=\"de_DE\" \/>\n<meta property=\"og:type\" content=\"article\" \/>\n<meta property=\"og:title\" content=\"Wir \u00fcber uns - team-dohler\" \/>\n<meta property=\"og:description\" content=\"Ich biete \u00fcber 20 Jahre Erfahrung international und national an der Kundenfront. Ich wei\u00df welche Ma\u00dfnahmen auch Ihren Vertrieb nach vorne bringen. Meine St\u00e4rke ist das Vor- und Mitmachen &nbsp;\" \/>\n<meta property=\"og:url\" content=\"http:\/\/team-dohler.de\/?page_id=7\" \/>\n<meta property=\"og:site_name\" content=\"team-dohler\" \/>\n<meta property=\"article:modified_time\" content=\"2017-07-22T15:26:42+00:00\" \/>\n<meta name=\"twitter:card\" content=\"summary\" \/>\n<meta name=\"twitter:label1\" content=\"Gesch\u00e4tzte Lesezeit\">\n\t<meta name=\"twitter:data1\" content=\"0\u00a0Minuten\">\n<script type=\"application\/ld+json\" class=\"yoast-schema-graph\">{\"@context\":\"https:\/\/schema.org\",\"@graph\":[{\"@type\":\"WebSite\",\"@id\":\"http:\/\/team-dohler.de\/#website\",\"url\":\"http:\/\/team-dohler.de\/\",\"name\":\"team-dohler\",\"description\":\"Willkommen auf unserer Homepage\",\"potentialAction\":[{\"@type\":\"SearchAction\",\"target\":\"http:\/\/team-dohler.de\/?s={search_term_string}\",\"query-input\":\"required name=search_term_string\"}],\"inLanguage\":\"de\"},{\"@type\":\"WebPage\",\"@id\":\"http:\/\/team-dohler.de\/?page_id=7#webpage\",\"url\":\"http:\/\/team-dohler.de\/?page_id=7\",\"name\":\"Wir \\u00fcber uns - team-dohler\",\"isPartOf\":{\"@id\":\"http:\/\/team-dohler.de\/#website\"},\"datePublished\":\"2017-07-22T14:16:06+00:00\",\"dateModified\":\"2017-07-22T15:26:42+00:00\",\"inLanguage\":\"de\",\"potentialAction\":[{\"@type\":\"ReadAction\",\"target\":[\"http:\/\/team-dohler.de\/?page_id=7\"]}]}]}<\/script>\n<!-- \/ Yoast SEO plugin. -->","_links":{"self":[{"href":"https:\/\/team-dohler.de\/index.php?rest_route=\/wp\/v2\/pages\/7"}],"collection":[{"href":"https:\/\/team-dohler.de\/index.php?rest_route=\/wp\/v2\/pages"}],"about":[{"href":"https:\/\/team-dohler.de\/index.php?rest_route=\/wp\/v2\/types\/page"}],"author":[{"embeddable":true,"href":"https:\/\/team-dohler.de\/index.php?rest_route=\/wp\/v2\/users\/1"}],"replies":[{"embeddable":true,"href":"https:\/\/team-dohler.de\/index.php?rest_route=%2Fwp%2Fv2%2Fcomments&post=7"}],"version-history":[{"count":2,"href":"https:\/\/team-dohler.de\/index.php?rest_route=\/wp\/v2\/pages\/7\/revisions"}],"predecessor-version":[{"id":48,"href":"https:\/\/team-dohler.de\/index.php?rest_route=\/wp\/v2\/pages\/7\/revisions\/48"}],"wp:attachment":[{"href":"https:\/\/team-dohler.de\/index.php?rest_route=%2Fwp%2Fv2%2Fmedia&parent=7"}],"curies":[{"name":"wp","href":"https:\/\/api.w.org\/{rel}","templated":true}]}}